{"id":758,"date":"2022-11-18T18:24:53","date_gmt":"2022-11-18T18:24:53","guid":{"rendered":"https:\/\/benedekgeneral.hu\/?page_id=758"},"modified":"2024-03-07T10:22:05","modified_gmt":"2024-03-07T10:22:05","slug":"rolunk-2","status":"publish","type":"page","link":"https:\/\/benedekgeneral.hu\/index.php\/rolunk-2\/","title":{"rendered":"R\u00f3lunk"},"content":{"rendered":"<p>[et_pb_section fb_built=&#8221;1&#8243; custom_padding_last_edited=&#8221;on|phone&#8221; admin_label=&#8221;Header&#8221; _builder_version=&#8221;4.19.1&#8243; _module_preset=&#8221;default&#8221; use_background_color_gradient=&#8221;on&#8221; background_color_gradient_stops=&#8221;rgba(0,0,0,0) 40%|#ffffff 100%&#8221; background_color_gradient_overlays_image=&#8221;on&#8221; background_color_gradient_start=&#8221;rgba(0,0,0,0)&#8221; background_color_gradient_start_position=&#8221;40%&#8221; background_color_gradient_end=&#8221;#ffffff&#8221; background_image=&#8221;https:\/\/benedekgeneral.hu\/wp-content\/uploads\/2023\/12\/kaposvar_benedekgeneral.jpeg&#8221; custom_padding=&#8221;2px||0px||false|false&#8221; custom_padding_tablet=&#8221;&#8221; custom_padding_phone=&#8221;0px||||false|false&#8221; global_colors_info=&#8221;{}&#8221;][et_pb_row _builder_version=&#8221;4.19.1&#8243; _module_preset=&#8221;default&#8221; global_colors_info=&#8221;{}&#8221;][et_pb_column type=&#8221;4_4&#8243; _builder_version=&#8221;4.16&#8243; _module_preset=&#8221;default&#8221; global_colors_info=&#8221;{}&#8221;][et_pb_text _builder_version=&#8221;4.19.1&#8243; _module_preset=&#8221;370cf134-a811-4d7c-90e9-083991f25ee4&#8243; header_font=&#8221;Rubik|500|||||||&#8221; header_text_color=&#8221;rgba(0,0,0,0)&#8221; header_font_size=&#8221;60px&#8221; header_line_height=&#8221;1.1em&#8221; header_font_size_tablet=&#8221;36px&#8221; header_font_size_phone=&#8221;22px&#8221; header_font_size_last_edited=&#8221;on|phone&#8221; locked=&#8221;off&#8221; global_colors_info=&#8221;{}&#8221;]<\/p>\n<h1>R\u00f3lunk<\/h1>\n<p>[\/et_pb_text][\/et_pb_column][\/et_pb_row][et_pb_row column_structure=&#8221;1_3,2_3&#8243; use_custom_gutter=&#8221;on&#8221; gutter_width=&#8221;1&#8243; make_equal=&#8221;on&#8221; _builder_version=&#8221;4.16&#8243; _module_preset=&#8221;default&#8221; custom_padding=&#8221;0px||0px||true|false&#8221; box_shadow_style=&#8221;preset4&#8243; box_shadow_horizontal=&#8221;-30vw&#8221; box_shadow_vertical=&#8221;0px&#8221; box_shadow_color=&#8221;#000000&#8243; global_colors_info=&#8221;{}&#8221;][et_pb_column type=&#8221;1_3&#8243; _builder_version=&#8221;4.16&#8243; _module_preset=&#8221;default&#8221; background_color=&#8221;#000000&#8243; custom_padding=&#8221;100px|40px|100px|40px|true|true&#8221; custom_padding_tablet=&#8221;40px|30px|40px|0px|true|false&#8221; custom_padding_phone=&#8221;|20px|||true|false&#8221; custom_padding_last_edited=&#8221;on|tablet&#8221; global_colors_info=&#8221;{}&#8221;][et_pb_text _builder_version=&#8221;4.19.1&#8243; _module_preset=&#8221;default&#8221; text_font=&#8221;Rubik|300||on|||||&#8221; text_letter_spacing=&#8221;4px&#8221; text_line_height=&#8221;1.8em&#8221; header_font=&#8221;Rubik|600|||||||&#8221; header_2_font=&#8221;Rubik|500|||||||&#8221; header_2_font_size=&#8221;40px&#8221; header_2_line_height=&#8221;1.1em&#8221; text_orientation=&#8221;right&#8221; background_layout=&#8221;dark&#8221; custom_margin=&#8221;||10px||false|false&#8221; text_font_size_tablet=&#8221;&#8221; text_font_size_phone=&#8221;12px&#8221; text_font_size_last_edited=&#8221;on|desktop&#8221; header_2_font_size_tablet=&#8221;30px&#8221; header_2_font_size_phone=&#8221;18px&#8221; header_2_font_size_last_edited=&#8221;on|phone&#8221; header_2_line_height_tablet=&#8221;1.3em&#8221; header_2_line_height_phone=&#8221;1.4em&#8221; header_2_line_height_last_edited=&#8221;on|phone&#8221; locked=&#8221;off&#8221; global_colors_info=&#8221;{}&#8221;]<\/p>\n<p>est.<\/p>\n<h2>2014<\/h2>\n<p>[\/et_pb_text][et_pb_text _builder_version=&#8221;4.19.1&#8243; _module_preset=&#8221;default&#8221; text_font=&#8221;Rubik|300|||||||&#8221; text_font_size=&#8221;16px&#8221; text_line_height=&#8221;1.8em&#8221; text_orientation=&#8221;right&#8221; background_layout=&#8221;dark&#8221; custom_margin=&#8221;||30px|-64px|false|false&#8221; custom_padding=&#8221;|||0px|false|false&#8221; text_font_size_tablet=&#8221;14px&#8221; text_font_size_phone=&#8221;13px&#8221; text_font_size_last_edited=&#8221;on|tablet&#8221; locked=&#8221;off&#8221; global_colors_info=&#8221;{}&#8221;]<\/p>\n<p><span>C\u00e9g\u00fcnk, 2014-ben indult el az \u00e9p\u00edt\u0151ipari szektorban, \u00e9s az\u00f3ta elt\u00f6k\u00e9lt k\u00fcldet\u00e9se, hogy hossz\u00fa t\u00e1von \u00e9p\u00edtse a j\u00f6v\u0151t. Az alap\u00edt\u00e1s \u00f3ta folyamatosan fejl\u0151d\u00fcnk \u00e9s alkalmazkodunk az ipar\u00e1g dinamikus v\u00e1ltoz\u00e1saihoz. Gener\u00e1lkivitelez\u0151k\u00e9nt akt\u00edvan r\u00e9szt vesz\u00fcnk k\u00fcl\u00f6nf\u00e9le projektek sikeres lebonyol\u00edt\u00e1s\u00e1ban, k\u00fcl\u00f6n\u00f6s figyelmet ford\u00edtva a megrendel\u0151k el\u00e9gedetts\u00e9g\u00e9re \u00e9s fenntarthat\u00f3 megold\u00e1sokra.<!-- notionvc: 741fe1a4-cfcd-4767-bdd5-6a29040f496e --><\/span><\/p>\n<p><span><\/span><\/p>\n<p><span><\/span><\/p>\n<p>[\/et_pb_text][\/et_pb_column][et_pb_column type=&#8221;2_3&#8243; _builder_version=&#8221;4.16&#8243; _module_preset=&#8221;default&#8221; background_enable_color=&#8221;off&#8221; background_image=&#8221;https:\/\/benedekgeneral.hu\/wp-content\/uploads\/2022\/11\/engineering-firm-56.png&#8221; background_size=&#8221;contain&#8221; background_position=&#8221;bottom_left&#8221; global_colors_info=&#8221;{}&#8221;][\/et_pb_column][\/et_pb_row][\/et_pb_section][et_pb_section fb_built=&#8221;1&#8243; admin_label=&#8221;About&#8221; _builder_version=&#8221;4.16&#8243; _module_preset=&#8221;default&#8221; custom_padding=&#8221;0px||0px|||&#8221; global_colors_info=&#8221;{}&#8221;][et_pb_row custom_padding_last_edited=&#8221;on|phone&#8221; _builder_version=&#8221;4.19.1&#8243; _module_preset=&#8221;default&#8221; background_color=&#8221;#444444&#8243; background_image=&#8221;https:\/\/benedekgeneral.hu\/wp-content\/uploads\/2022\/11\/engineering-firm-52.png&#8221; max_width=&#8221;940px&#8221; custom_padding=&#8221;80px|80px|80px|80px|true|true&#8221; custom_padding_tablet=&#8221;40px|30px|40px|30px|true|true&#8221; custom_padding_phone=&#8221;|20px||20px|true|true&#8221; box_shadow_style=&#8221;preset4&#8243; box_shadow_horizontal=&#8221;-30vw&#8221; box_shadow_vertical=&#8221;0px&#8221; box_shadow_color=&#8221;#000000&#8243; locked=&#8221;off&#8221; global_colors_info=&#8221;{}&#8221;][et_pb_column type=&#8221;4_4&#8243; _builder_version=&#8221;4.19.1&#8243; _module_preset=&#8221;default&#8221; global_colors_info=&#8221;{}&#8221;][et_pb_text _builder_version=&#8221;4.19.1&#8243; _module_preset=&#8221;7d4a8cbc-5ddd-46c9-be95-23498c921cdd&#8221; header_font=&#8221;Rubik||||||||&#8221; header_2_font=&#8221;Rubik|500|||||||&#8221; header_2_text_color=&#8221;#ffffff&#8221; header_2_font_size=&#8221;40px&#8221; header_2_line_height=&#8221;1.1em&#8221; header_2_font_size_tablet=&#8221;30px&#8221; header_2_font_size_phone=&#8221;18px&#8221; header_2_font_size_last_edited=&#8221;on|phone&#8221; header_2_line_height_tablet=&#8221;1.3em&#8221; header_2_line_height_phone=&#8221;1.4em&#8221; header_2_line_height_last_edited=&#8221;on|phone&#8221; locked=&#8221;off&#8221; global_colors_info=&#8221;{}&#8221;]<\/p>\n<h2>Stabilit\u00e1s<\/h2>\n<p>[\/et_pb_text][et_pb_text _builder_version=&#8221;4.19.1&#8243; _module_preset=&#8221;default&#8221; text_font=&#8221;Rubik|300|||||||&#8221; text_font_size=&#8221;16px&#8221; text_line_height=&#8221;1.8em&#8221; background_layout=&#8221;dark&#8221; text_font_size_tablet=&#8221;14px&#8221; text_font_size_phone=&#8221;13px&#8221; text_font_size_last_edited=&#8221;on|tablet&#8221; locked=&#8221;off&#8221; global_colors_info=&#8221;{}&#8221;]<\/p>\n<p>C\u00e9g\u00fcnk sz\u00e1m\u00e1ra a stabilit\u00e1s \u00e9s megb\u00edzhat\u00f3s\u00e1g az alapvet\u0151 \u00e9rt\u00e9kek egyike. Munk\u00e1ink sor\u00e1n kialak\u00edtottuk a stabil \u00e9s hat\u00e9kony \u00fczleti folyamatainkat, hogy partnereink sz\u00e1m\u00e1ra optim\u00e1lis felt\u00e9teleket teremts\u00fcnk. Az \u00e9p\u00edt\u0151iparban szerzett tapasztalatainkat, szak\u00e9rtelm\u00fcnket \u00e9s rugalmass\u00e1gunkat kamatoztatva olyan megold\u00e1sokat k\u00edn\u00e1lunk, amelyek hozz\u00e1j\u00e1rulnak a v\u00e1rosok \u00e9s k\u00f6z\u00f6ss\u00e9gek fejl\u0151d\u00e9s\u00e9hez.<\/p>\n<p><span>C\u00e9lunk, hogy az \u00e9p\u00edt\u0151iparban elfoglalt hely\u00fcnket tov\u00e1bb er\u0151s\u00edts\u00fck, \u00e9s tov\u00e1bbra is kiv\u00e1l\u00f3 min\u0151s\u00e9g\u0171, innovat\u00edv projekteket hozzunk l\u00e9tre, amelyek a megrendel\u0151k \u00e9s a k\u00f6rnyezet sz\u00e1m\u00e1ra is \u00e9rt\u00e9ket teremtenek. A Benedek Gener\u00e1l Kft. tov\u00e1bbra is elk\u00f6telezett marad a min\u0151s\u00e9g, megb\u00edzhat\u00f3s\u00e1g \u00e9s a folyamatos fejl\u0151d\u00e9s ir\u00e1nt, \u00e9s b\u00fcszk\u00e9n tekint a m\u00faltj\u00e1ra, mik\u00f6zben optimist\u00e1n tekint a j\u00f6v\u0151be.<\/span><span><\/span><\/p>\n<p>&nbsp;<\/p>\n<p>&nbsp;<\/p>\n<p>[\/et_pb_text][\/et_pb_column][\/et_pb_row][\/et_pb_section][et_pb_section fb_built=&#8221;1&#8243; admin_label=&#8221;Mission&#8221; _builder_version=&#8221;4.19.1&#8243; _module_preset=&#8221;default&#8221; background_color=&#8221;#000000&#8243; background_image=&#8221;https:\/\/benedekgeneral.hu\/wp-content\/uploads\/2022\/11\/engineering-firm-52.png&#8221; parallax=&#8221;on&#8221; background_blend=&#8221;overlay&#8221; custom_margin=&#8221;-2vw||||false|false&#8221; custom_padding=&#8221;0px||120px||false|false&#8221; global_colors_info=&#8221;{}&#8221;][et_pb_row _builder_version=&#8221;4.16&#8243; _module_preset=&#8221;default&#8221; max_width=&#8221;700px&#8221; custom_margin=&#8221;||||false|false&#8221; locked=&#8221;off&#8221; global_colors_info=&#8221;{}&#8221;][et_pb_column type=&#8221;4_4&#8243; _builder_version=&#8221;4.16&#8243; _module_preset=&#8221;default&#8221; global_colors_info=&#8221;{}&#8221;][et_pb_text _builder_version=&#8221;4.19.1&#8243; _module_preset=&#8221;7d4a8cbc-5ddd-46c9-be95-23498c921cdd&#8221; header_2_font=&#8221;Rubik|500|||||||&#8221; header_2_text_color=&#8221;#FFFFFF&#8221; header_2_font_size=&#8221;40px&#8221; header_2_line_height=&#8221;1.1em&#8221; header_2_font_size_tablet=&#8221;30px&#8221; header_2_font_size_phone=&#8221;18px&#8221; header_2_font_size_last_edited=&#8221;on|phone&#8221; header_2_line_height_tablet=&#8221;1.3em&#8221; header_2_line_height_phone=&#8221;1.4em&#8221; header_2_line_height_last_edited=&#8221;on|phone&#8221; locked=&#8221;off&#8221; global_colors_info=&#8221;{}&#8221;][\/et_pb_text][\/et_pb_column][\/et_pb_row][et_pb_row column_structure=&#8221;1_2,1_2&#8243; _builder_version=&#8221;4.19.1&#8243; background_enable_color=&#8221;off&#8221; max_width=&#8221;80%&#8221; custom_margin=&#8221;20px||||false|false&#8221; custom_margin_tablet=&#8221;20px||||false|false&#8221; custom_margin_phone=&#8221;-15px||||false|false&#8221; custom_margin_last_edited=&#8221;on|phone&#8221; use_custom_width=&#8221;on&#8221; width_unit=&#8221;off&#8221; global_colors_info=&#8221;{}&#8221;][et_pb_column type=&#8221;1_2&#8243; _builder_version=&#8221;4.19.1&#8243; custom_padding=&#8221;|||30px|false|false&#8221; custom_padding_tablet=&#8221;|||30px|false|false&#8221; custom_padding_phone=&#8221;|||0px|false|false&#8221; custom_padding_last_edited=&#8221;on|desktop&#8221; global_colors_info=&#8221;{}&#8221; custom_padding__hover=&#8221;|||&#8221;][et_pb_blurb title=&#8221;Min\u0151s\u00e9g ir\u00e1nti elk\u00f6telezetts\u00e9g&#8221; image=&#8221;https:\/\/benedekgeneral.hu\/wp-content\/uploads\/2022\/11\/minoseg.png&#8221; icon_placement=&#8221;left&#8221; image_icon_width=&#8221;64px&#8221; content_max_width=&#8221;1100px&#8221; content_max_width_tablet=&#8221;1100px&#8221; content_max_width_last_edited=&#8221;off|desktop&#8221; _builder_version=&#8221;4.19.1&#8243; header_font=&#8221;Rubik|600|||||||&#8221; header_text_color=&#8221;#FFFFFF&#8221; header_line_height=&#8221;3em&#8221; body_font=&#8221;||||||||&#8221; body_font_size=&#8221;15px&#8221; body_line_height=&#8221;1.8em&#8221; custom_padding=&#8221;|||&#8221; animation_style=&#8221;slide&#8221; animation_direction=&#8221;right&#8221; animation_intensity_slide=&#8221;10%&#8221; animation=&#8221;off&#8221; image_max_width=&#8221;64px&#8221; locked=&#8221;off&#8221; global_colors_info=&#8221;{}&#8221;][\/et_pb_blurb][\/et_pb_column][et_pb_column type=&#8221;1_2&#8243; _builder_version=&#8221;4.19.1&#8243; custom_padding=&#8221;|||30px|false|false&#8221; custom_padding_tablet=&#8221;|||30px|false|false&#8221; custom_padding_phone=&#8221;|||0px|false|false&#8221; custom_padding_last_edited=&#8221;on|phone&#8221; global_colors_info=&#8221;{}&#8221; custom_padding__hover=&#8221;|||&#8221;][et_pb_blurb title=&#8221;Rugalmass\u00e1g \u00e9s dinamizmus&#8221; image=&#8221;https:\/\/benedekgeneral.hu\/wp-content\/uploads\/2022\/11\/rugalmassag.png&#8221; icon_placement=&#8221;left&#8221; image_icon_width=&#8221;64px&#8221; content_max_width=&#8221;1100px&#8221; content_max_width_tablet=&#8221;1100px&#8221; content_max_width_last_edited=&#8221;off|desktop&#8221; _builder_version=&#8221;4.19.1&#8243; header_font=&#8221;Rubik|600|||||||&#8221; header_text_color=&#8221;#FFFFFF&#8221; header_line_height=&#8221;3em&#8221; body_font=&#8221;||||||||&#8221; body_font_size=&#8221;15px&#8221; body_line_height=&#8221;1.8em&#8221; custom_margin=&#8221;|||&#8221; custom_padding=&#8221;|||&#8221; animation_style=&#8221;slide&#8221; animation_direction=&#8221;right&#8221; animation_delay=&#8221;100ms&#8221; animation_intensity_slide=&#8221;10%&#8221; animation=&#8221;off&#8221; image_max_width=&#8221;64px&#8221; locked=&#8221;off&#8221; global_colors_info=&#8221;{}&#8221;][\/et_pb_blurb][\/et_pb_column][\/et_pb_row][et_pb_row column_structure=&#8221;1_2,1_2&#8243; _builder_version=&#8221;4.19.1&#8243; background_enable_color=&#8221;off&#8221; max_width=&#8221;80%&#8221; custom_margin=&#8221;20px||||false|false&#8221; custom_margin_tablet=&#8221;20px||||false|false&#8221; custom_margin_phone=&#8221;-15px||||false|false&#8221; custom_margin_last_edited=&#8221;on|phone&#8221; use_custom_width=&#8221;on&#8221; width_unit=&#8221;off&#8221; global_colors_info=&#8221;{}&#8221;][et_pb_column type=&#8221;1_2&#8243; _builder_version=&#8221;4.19.1&#8243; custom_padding=&#8221;|||30px|false|false&#8221; custom_padding_tablet=&#8221;|||30px|false|false&#8221; custom_padding_phone=&#8221;|||0px|false|false&#8221; custom_padding_last_edited=&#8221;on|desktop&#8221; global_colors_info=&#8221;{}&#8221; custom_padding__hover=&#8221;|||&#8221;][et_pb_blurb title=&#8221;Megb\u00edzhat\u00f3s\u00e1g&#8221; image=&#8221;https:\/\/benedekgeneral.hu\/wp-content\/uploads\/2022\/11\/megbizhatosag.png&#8221; icon_placement=&#8221;left&#8221; image_icon_width=&#8221;64px&#8221; content_max_width=&#8221;1100px&#8221; content_max_width_tablet=&#8221;1100px&#8221; content_max_width_last_edited=&#8221;off|desktop&#8221; _builder_version=&#8221;4.19.1&#8243; header_font=&#8221;Rubik|600|||||||&#8221; header_text_color=&#8221;#FFFFFF&#8221; header_line_height=&#8221;3em&#8221; body_font=&#8221;||||||||&#8221; body_font_size=&#8221;15px&#8221; body_line_height=&#8221;1.8em&#8221; custom_padding=&#8221;|||&#8221; animation_style=&#8221;slide&#8221; animation_direction=&#8221;right&#8221; animation_intensity_slide=&#8221;10%&#8221; animation=&#8221;off&#8221; image_max_width=&#8221;64px&#8221; locked=&#8221;off&#8221; global_colors_info=&#8221;{}&#8221;][\/et_pb_blurb][\/et_pb_column][et_pb_column type=&#8221;1_2&#8243; _builder_version=&#8221;4.19.1&#8243; custom_padding=&#8221;|||30px|false|false&#8221; custom_padding_tablet=&#8221;|||30px|false|false&#8221; custom_padding_phone=&#8221;|||0px|false|false&#8221; custom_padding_last_edited=&#8221;on|phone&#8221; global_colors_info=&#8221;{}&#8221; custom_padding__hover=&#8221;|||&#8221;][et_pb_blurb title=&#8221;K\u00f6zvetlen szakmai ir\u00e1ny\u00edt\u00e1s&#8221; image=&#8221;https:\/\/benedekgeneral.hu\/wp-content\/uploads\/2022\/11\/iranyitas.png&#8221; icon_placement=&#8221;left&#8221; image_icon_width=&#8221;64px&#8221; content_max_width=&#8221;1100px&#8221; content_max_width_tablet=&#8221;1100px&#8221; content_max_width_last_edited=&#8221;off|desktop&#8221; _builder_version=&#8221;4.19.1&#8243; header_font=&#8221;Rubik|600|||||||&#8221; header_text_color=&#8221;#FFFFFF&#8221; header_line_height=&#8221;3em&#8221; body_font=&#8221;||||||||&#8221; body_font_size=&#8221;15px&#8221; body_line_height=&#8221;1.8em&#8221; custom_margin=&#8221;|||&#8221; custom_padding=&#8221;|||&#8221; animation_style=&#8221;slide&#8221; animation_direction=&#8221;right&#8221; animation_delay=&#8221;100ms&#8221; animation_intensity_slide=&#8221;10%&#8221; animation=&#8221;off&#8221; image_max_width=&#8221;64px&#8221; locked=&#8221;off&#8221; global_colors_info=&#8221;{}&#8221;][\/et_pb_blurb][\/et_pb_column][\/et_pb_row][\/et_pb_section]<\/p>\n","protected":false},"excerpt":{"rendered":"<p>R\u00f3lunkest. 2014C\u00e9g\u00fcnk, 2014-ben indult el az \u00e9p\u00edt\u0151ipari szektorban, \u00e9s az\u00f3ta elt\u00f6k\u00e9lt k\u00fcldet\u00e9se, hogy hossz\u00fa t\u00e1von \u00e9p\u00edtse a j\u00f6v\u0151t. Az alap\u00edt\u00e1s \u00f3ta folyamatosan fejl\u0151d\u00fcnk \u00e9s alkalmazkodunk az ipar\u00e1g dinamikus v\u00e1ltoz\u00e1saihoz. Gener\u00e1lkivitelez\u0151k\u00e9nt akt\u00edvan r\u00e9szt vesz\u00fcnk k\u00fcl\u00f6nf\u00e9le projektek sikeres lebonyol\u00edt\u00e1s\u00e1ban, k\u00fcl\u00f6n\u00f6s figyelmet ford\u00edtva a megrendel\u0151k el\u00e9gedetts\u00e9g\u00e9re \u00e9s fenntarthat\u00f3 megold\u00e1sokra. Stabilit\u00e1sC\u00e9g\u00fcnk sz\u00e1m\u00e1ra a stabilit\u00e1s \u00e9s megb\u00edzhat\u00f3s\u00e1g az alapvet\u0151 \u00e9rt\u00e9kek [&hellip;]<\/p>\n","protected":false},"author":1,"featured_media":0,"parent":0,"menu_order":0,"comment_status":"closed","ping_status":"closed","template":"","meta":{"_et_pb_use_builder":"on","_et_pb_old_content":"","_et_gb_content_width":"","inline_featured_image":false},"_links":{"self":[{"href":"https:\/\/benedekgeneral.hu\/index.php\/wp-json\/wp\/v2\/pages\/758"}],"collection":[{"href":"https:\/\/benedekgeneral.hu\/index.php\/wp-json\/wp\/v2\/pages"}],"about":[{"href":"https:\/\/benedekgeneral.hu\/index.php\/wp-json\/wp\/v2\/types\/page"}],"author":[{"embeddable":true,"href":"https:\/\/benedekgeneral.hu\/index.php\/wp-json\/wp\/v2\/users\/1"}],"replies":[{"embeddable":true,"href":"https:\/\/benedekgeneral.hu\/index.php\/wp-json\/wp\/v2\/comments?post=758"}],"version-history":[{"count":14,"href":"https:\/\/benedekgeneral.hu\/index.php\/wp-json\/wp\/v2\/pages\/758\/revisions"}],"predecessor-version":[{"id":980,"href":"https:\/\/benedekgeneral.hu\/index.php\/wp-json\/wp\/v2\/pages\/758\/revisions\/980"}],"wp:attachment":[{"href":"https:\/\/benedekgeneral.hu\/index.php\/wp-json\/wp\/v2\/media?parent=758"}],"curies":[{"name":"wp","href":"https:\/\/api.w.org\/{rel}","templated":true}]}}